{"id":2312,"date":"2023-09-21T11:40:40","date_gmt":"2023-09-21T09:40:40","guid":{"rendered":"https:\/\/www.zeitgebilde-film.de\/?page_id=2312"},"modified":"2023-09-21T12:26:08","modified_gmt":"2023-09-21T10:26:08","slug":"when-we-return","status":"publish","type":"page","link":"https:\/\/www.zeitgebilde-film.de\/en\/when-we-return\/","title":{"rendered":"When We Return"},"content":{"rendered":"<div data-elementor-type=\"wp-page\" data-elementor-id=\"2312\" class=\"elementor elementor-2312\">\n\t\t\t\t\t\t\t<div class=\"elementor-element elementor-element-55f4264 e-flex e-con-boxed e-con\" data-id=\"55f4264\" data-element_type=\"container\" data-settings=\"{&quot;content_width&quot;:&quot;boxed&quot;}\">\n\t\t\t\t\t<div class=\"e-con-inner\">\n\t\t\t\t<div class=\"elementor-element elementor-element-b868dfc elementor-widget elementor-widget-spacer\" data-id=\"b868dfc\" data-element_type=\"widget\" data-widget_type=\"spacer.default\">\n\t\t\t\t<div class=\"elementor-widget-container\">\n\t\t\t<style>\/*! elementor - v3.15.0 - 02-08-2023 *\/\n.elementor-column .elementor-spacer-inner{height:var(--spacer-size)}.e-con{--container-widget-width:100%}.e-con-inner>.elementor-widget-spacer,.e-con>.elementor-widget-spacer{width:var(--container-widget-width,var(--spacer-size));--align-self:var(--container-widget-align-self,initial);--flex-shrink:0}.e-con-inner>.elementor-widget-spacer>.elementor-widget-container,.e-con-inner>.elementor-widget-spacer>.elementor-widget-container>.elementor-spacer,.e-con>.elementor-widget-spacer>.elementor-widget-container,.e-con>.elementor-widget-spacer>.elementor-widget-container>.elementor-spacer{height:100%}.e-con-inner>.elementor-widget-spacer>.elementor-widget-container>.elementor-spacer>.elementor-spacer-inner,.e-con>.elementor-widget-spacer>.elementor-widget-container>.elementor-spacer>.elementor-spacer-inner{height:var(--container-widget-height,var(--spacer-size))}<\/style>\t\t<div class=\"elementor-spacer\">\n\t\t\t<div class=\"elementor-spacer-inner\"><\/div>\n\t\t<\/div>\n\t\t\t\t<\/div>\n\t\t\t\t<\/div>\n\t\t\t\t<div class=\"elementor-element elementor-element-a0d4e9c elementor-widget elementor-widget-heading\" data-id=\"a0d4e9c\" data-element_type=\"widget\" data-widget_type=\"heading.default\">\n\t\t\t\t<div class=\"elementor-widget-container\">\n\t\t\t<style>\/*! elementor - v3.15.0 - 02-08-2023 *\/\n.elementor-heading-title{padding:0;margin:0;line-height:1}.elementor-widget-heading .elementor-heading-title[class*=elementor-size-]>a{color:inherit;font-size:inherit;line-height:inherit}.elementor-widget-heading .elementor-heading-title.elementor-size-small{font-size:15px}.elementor-widget-heading .elementor-heading-title.elementor-size-medium{font-size:19px}.elementor-widget-heading .elementor-heading-title.elementor-size-large{font-size:29px}.elementor-widget-heading .elementor-heading-title.elementor-size-xl{font-size:39px}.elementor-widget-heading .elementor-heading-title.elementor-size-xxl{font-size:59px}<\/style><h2 class=\"elementor-heading-title elementor-size-default\">WHEN WE RETURN<\/h2>\t\t<\/div>\n\t\t\t\t<\/div>\n\t\t\t\t<div class=\"elementor-element elementor-element-3693a94 elementor-widget elementor-widget-spacer\" data-id=\"3693a94\" data-element_type=\"widget\" data-widget_type=\"spacer.default\">\n\t\t\t\t<div class=\"elementor-widget-container\">\n\t\t\t\t\t<div class=\"elementor-spacer\">\n\t\t\t<div class=\"elementor-spacer-inner\"><\/div>\n\t\t<\/div>\n\t\t\t\t<\/div>\n\t\t\t\t<\/div>\n\t\t\t\t\t<\/div>\n\t\t\t\t<\/div>\n\t\t<div class=\"elementor-element elementor-element-be73e7e e-flex e-con-boxed e-con\" data-id=\"be73e7e\" data-element_type=\"container\" data-settings=\"{&quot;content_width&quot;:&quot;boxed&quot;}\">\n\t\t\t\t\t<div class=\"e-con-inner\">\n\t\t<div class=\"elementor-element elementor-element-0a68bd9 e-con-full e-flex e-con\" data-id=\"0a68bd9\" data-element_type=\"container\" data-settings=\"{&quot;content_width&quot;:&quot;full&quot;}\">\n\t\t\t\t<div class=\"elementor-element elementor-element-9ff5207 elementor-widget__width-initial elementor-widget elementor-widget-text-editor\" data-id=\"9ff5207\" data-element_type=\"widget\" data-widget_type=\"text-editor.default\">\n\t\t\t\t<div class=\"elementor-widget-container\">\n\t\t\t<style>\/*! elementor - v3.15.0 - 02-08-2023 *\/\n.elementor-widget-text-editor.elementor-drop-cap-view-stacked .elementor-drop-cap{background-color:#69727d;color:#fff}.elementor-widget-text-editor.elementor-drop-cap-view-framed .elementor-drop-cap{color:#69727d;border:3px solid;background-color:transparent}.elementor-widget-text-editor:not(.elementor-drop-cap-view-default) .elementor-drop-cap{margin-top:8px}.elementor-widget-text-editor:not(.elementor-drop-cap-view-default) .elementor-drop-cap-letter{width:1em;height:1em}.elementor-widget-text-editor .elementor-drop-cap{float:left;text-align:center;line-height:1;font-size:50px}.elementor-widget-text-editor .elementor-drop-cap-letter{display:inline-block}<\/style>\t\t\t\t<p style=\"text-align: left;\">The film\u2019s author is against the military aggression launched by his country. He leaves Russia and travels to Germany, where his friend is helping Ukrainian refugees flee to the West. Meanwhile, the director's parents, who have fled Ukraine to Moldova, are waiting for his help. His adult son, in the meantime, who has stayed in Russia, talks with him on Skype about how Russia is fighting global evil and the importance of being a patriot and supporting one\u2019s country.<\/p>\t\t\t\t\t\t<\/div>\n\t\t\t\t<\/div>\n\t\t\t\t<\/div>\n\t\t\t\t<div class=\"elementor-element elementor-element-9fb405b elementor-widget elementor-widget-spacer\" data-id=\"9fb405b\" data-element_type=\"widget\" data-widget_type=\"spacer.default\">\n\t\t\t\t<div class=\"elementor-widget-container\">\n\t\t\t\t\t<div class=\"elementor-spacer\">\n\t\t\t<div class=\"elementor-spacer-inner\"><\/div>\n\t\t<\/div>\n\t\t\t\t<\/div>\n\t\t\t\t<\/div>\n\t\t<div class=\"elementor-element elementor-element-3915e69 e-con-full e-flex e-con\" data-id=\"3915e69\" data-element_type=\"container\" data-settings=\"{&quot;content_width&quot;:&quot;full&quot;}\">\n\t\t\t\t<div class=\"elementor-element elementor-element-06cc510 elementor-widget elementor-widget-image\" data-id=\"06cc510\" data-element_type=\"widget\" data-widget_type=\"image.default\">\n\t\t\t\t<div class=\"elementor-widget-container\">\n\t\t\t<style>\/*! elementor - v3.15.0 - 02-08-2023 *\/\n.elementor-widget-image{text-align:center}.elementor-widget-image a{display:inline-block}.elementor-widget-image a img[src$=\".svg\"]{width:48px}.elementor-widget-image img{vertical-align:middle;display:inline-block}<\/style>\t\t\t\t\t\t\t\t\t\t\t\t<img loading=\"lazy\" decoding=\"async\" width=\"1024\" height=\"576\" src=\"https:\/\/www.zeitgebilde-film.de\/wp-content\/uploads\/2023\/09\/Wehen-We-Return-Screenshot-01-1024x576.png\" class=\"attachment-large size-large wp-image-2319\" alt=\"\" srcset=\"https:\/\/www.zeitgebilde-film.de\/wp-content\/uploads\/2023\/09\/Wehen-We-Return-Screenshot-01-1024x576.png 1024w, https:\/\/www.zeitgebilde-film.de\/wp-content\/uploads\/2023\/09\/Wehen-We-Return-Screenshot-01-300x169.png 300w, https:\/\/www.zeitgebilde-film.de\/wp-content\/uploads\/2023\/09\/Wehen-We-Return-Screenshot-01-768x432.png 768w, https:\/\/www.zeitgebilde-film.de\/wp-content\/uploads\/2023\/09\/Wehen-We-Return-Screenshot-01-1536x864.png 1536w, https:\/\/www.zeitgebilde-film.de\/wp-content\/uploads\/2023\/09\/Wehen-We-Return-Screenshot-01-18x10.png 18w, https:\/\/www.zeitgebilde-film.de\/wp-content\/uploads\/2023\/09\/Wehen-We-Return-Screenshot-01.png 1920w\" sizes=\"(max-width: 1024px) 100vw, 1024px\" \/>\t\t\t\t\t\t\t\t\t\t\t\t\t\t\t<\/div>\n\t\t\t\t<\/div>\n\t\t\t\t<div class=\"elementor-element elementor-element-3df14ac elementor-widget elementor-widget-spacer\" data-id=\"3df14ac\" data-element_type=\"widget\" data-widget_type=\"spacer.default\">\n\t\t\t\t<div class=\"elementor-widget-container\">\n\t\t\t\t\t<div class=\"elementor-spacer\">\n\t\t\t<div class=\"elementor-spacer-inner\"><\/div>\n\t\t<\/div>\n\t\t\t\t<\/div>\n\t\t\t\t<\/div>\n\t\t\t\t<\/div>\n\t\t\t\t\t<\/div>\n\t\t\t\t<\/div>\n\t\t<div class=\"elementor-element elementor-element-b6c2eda e-flex e-con-boxed e-con\" data-id=\"b6c2eda\" data-element_type=\"container\" data-settings=\"{&quot;content_width&quot;:&quot;boxed&quot;}\">\n\t\t\t\t\t<div class=\"e-con-inner\">\n\t\t<div class=\"elementor-element elementor-element-26441de e-con-full e-flex e-con\" data-id=\"26441de\" data-element_type=\"container\" data-settings=\"{&quot;content_width&quot;:&quot;full&quot;}\">\n\t\t\t\t<div class=\"elementor-element elementor-element-419adf5 elementor-widget elementor-widget-text-editor\" data-id=\"419adf5\" data-element_type=\"widget\" data-widget_type=\"text-editor.default\">\n\t\t\t\t<div class=\"elementor-widget-container\">\n\t\t\t\t\t\t\t<p><strong><b>Writer and Director:<\/b><\/strong> Vladimir Nepevny<br \/><strong><b>Camera and Editing:<\/b><\/strong> Vladimir Nepevny<br \/><strong><b>Music:<\/b><\/strong> Marc Ribot, Daniil Nepevny<br \/><strong><b>Sound:<\/b><\/strong> Andrei Guryanov<br \/><strong><b>Color Correction:<\/b><\/strong> Yan Yasinsky<br \/><strong><b>Creative Producer:<\/b><\/strong> Jan Wilde<br \/><strong><b>Producer:<\/b><\/strong> Vladimir Nepevny<\/p><p>Documentary | 82min | IL 2023<\/p>\t\t\t\t\t\t<\/div>\n\t\t\t\t<\/div>\n\t\t\t\t<\/div>\n\t\t<div class=\"elementor-element elementor-element-20ca212 e-con-full e-flex e-con\" data-id=\"20ca212\" data-element_type=\"container\" data-settings=\"{&quot;content_width&quot;:&quot;full&quot;}\">\n\t\t\t\t<div class=\"elementor-element elementor-element-b9d47b5 elementor-widget elementor-widget-text-editor\" data-id=\"b9d47b5\" data-element_type=\"widget\" data-widget_type=\"text-editor.default\">\n\t\t\t\t<div class=\"elementor-widget-container\">\n\t\t\t\t\t\t\t<p><strong><b>Festivals:<\/b><\/strong><br \/>Haifa international Filmfestival 2023<\/p>\t\t\t\t\t\t<\/div>\n\t\t\t\t<\/div>\n\t\t\t\t<\/div>\n\t\t\t\t\t<\/div>\n\t\t\t\t<\/div>\n\t\t\t\t\t\t\t<\/div>","protected":false},"excerpt":{"rendered":"<p>WHEN WE RETURN Der Autor des Films ist gegen die milit\u00e4rische Aggression seines Landes. Er verl\u00e4sst Russland und reist nach Deutschland, wo sein Freund ukrainischen Fl\u00fcchtlingen hilft, in den Westen zu fliehen. W\u00e4hrenddessen warten die Eltern des Regisseurs, die aus der Ukraine nach Moldawien geflohen sind, auf seine Hilfe. Sein erwachsener Sohn, der in der [&hellip;]<\/p>","protected":false},"author":1,"featured_media":0,"parent":0,"menu_order":0,"comment_status":"closed","ping_status":"closed","template":"","meta":{"saved_in_kubio":false,"footnotes":""},"class_list":["post-2312","page","type-page","status-publish","hentry"],"kubio_ai_page_context":{"short_desc":"","purpose":"general"},"_links":{"self":[{"href":"https:\/\/www.zeitgebilde-film.de\/en\/wp-json\/wp\/v2\/pages\/2312","targetHints":{"allow":["GET"]}}],"collection":[{"href":"https:\/\/www.zeitgebilde-film.de\/en\/wp-json\/wp\/v2\/pages"}],"about":[{"href":"https:\/\/www.zeitgebilde-film.de\/en\/wp-json\/wp\/v2\/types\/page"}],"author":[{"embeddable":true,"href":"https:\/\/www.zeitgebilde-film.de\/en\/wp-json\/wp\/v2\/users\/1"}],"replies":[{"embeddable":true,"href":"https:\/\/www.zeitgebilde-film.de\/en\/wp-json\/wp\/v2\/comments?post=2312"}],"version-history":[{"count":10,"href":"https:\/\/www.zeitgebilde-film.de\/en\/wp-json\/wp\/v2\/pages\/2312\/revisions"}],"predecessor-version":[{"id":2329,"href":"https:\/\/www.zeitgebilde-film.de\/en\/wp-json\/wp\/v2\/pages\/2312\/revisions\/2329"}],"wp:attachment":[{"href":"https:\/\/www.zeitgebilde-film.de\/en\/wp-json\/wp\/v2\/media?parent=2312"}],"curies":[{"name":"wp","href":"https:\/\/api.w.org\/{rel}","templated":true}]}}