{"id":7,"date":"2023-01-31T16:26:21","date_gmt":"2023-01-31T15:26:21","guid":{"rendered":"https:\/\/www.zeitgebilde-film.de\/?page_id=7"},"modified":"2025-03-12T17:22:49","modified_gmt":"2025-03-12T16:22:49","slug":"impressum","status":"publish","type":"page","link":"https:\/\/www.zeitgebilde-film.de\/en\/impressum\/","title":{"rendered":"Imprint"},"content":{"rendered":"<hr class=\"wp-block-separator has-alpha-channel-opacity\"\/>\n\n\n\n<p class=\"has-text-align-center\">zeitgebilde Filmproduktion UG (haftungsbeschr\u00e4nkt)<br>Chief Executive Officers: Benjamin Schindler &amp; Jan Wilde<\/p>\n\n\n\n<p class=\"has-text-align-center\">Bautzner Str. 22<br>01099 Dresden<\/p>\n\n\n\n<p class=\"has-text-align-center\">info@zeitgebilde.de<br>+49 179 537 19 46<\/p>\n\n\n\n<p class=\"has-text-align-center\">Local court Dresden HRB: 36322<\/p>\n\n\n\n<p class=\"has-text-align-center\">Responsible for the content according to \u00a7 6 MDStV :<br>Benjamin Schindler &amp; Jan Wilde<\/p>\n\n\n\n<p class=\"has-text-align-center\">Content disclaimer:<\/p>\n\n\n\n<p class=\"has-text-align-center\">The contents of my pages were created with the utmost care. However, I can not guarantee the accuracy, completeness and timeliness of the content. As a service provider I am responsible according to \u00a7 6 Abs. 1 MDStV and \u00a7 8 Abs. 1 TDG for own contents on these pages according to the general laws.<\/p>\n\n\n\n<p class=\"has-text-align-center\">However, service providers are not obligated to monitor third-party information transmitted or stored by you or to investigate circumstances that indicate illegal activity.<\/p>\n\n\n\n<p class=\"has-text-align-center\">Disclaimer for links ( \"hyperlinks\" )<\/p>\n\n\n\n<p class=\"has-text-align-center\">The offer may contain links to external websites of third parties, on whose contents I have no influence. Therefore, we can not assume any liability for these external contents. For the content of the linked pages ( \"hyperlinks\" ) is always the respective provider or operator of the pages themselves responsible.<\/p>\n\n\n\n<p class=\"has-text-align-center\">The linked pages (\"hyperlinks\" ) were checked for possible legal violations at the time of linking.<\/p>\n\n\n\n<p class=\"has-text-align-center\">If we become aware of any violations of the law, we will remove such links immediately.<\/p>\n\n\n\n<p class=\"has-text-align-center\">Copyright:<\/p>\n\n\n\n<p class=\"has-text-align-center\">The operator of the pages always endeavors to respect the copyrights of others or to use self-created or license-free works.<br>The content and works created by me on these pages are subject to German copyright law.<\/p>\n\n\n\n<p><\/p>","protected":false},"excerpt":{"rendered":"<p>zeitgebilde Filmproduktion UG (haftungsbeschr\u00e4nkt)Gesch\u00e4ftsf\u00fchrer: Benjamin Schindler &amp; Jan Wilde Bautzner Str. 2201099 Dresden info@zeitgebilde.de+49 179 537 19 46 Amtsgericht Dresden HRB: 36322 Inhaltlich verantwortlich gem\u00e4\u00df \u00a7 6 MDStV :Benjamin Schindler &amp; Jan Wilde Haftungsausschluss f\u00fcr Inhalte: Die Inhalte meiner Seiten wurden mit gr\u00f6\u00dfter Sorgfalt erstellt. F\u00fcr die Richtigkeit, Vollst\u00e4ndigkeit und Aktualit\u00e4t der Inhalte kann ich [&hellip;]<\/p>","protected":false},"author":1,"featured_media":0,"parent":0,"menu_order":0,"comment_status":"closed","ping_status":"closed","template":"","meta":{"saved_in_kubio":true,"footnotes":""},"class_list":["post-7","page","type-page","status-publish","hentry"],"kubio_ai_page_context":{"short_desc":"","purpose":"general"},"_links":{"self":[{"href":"https:\/\/www.zeitgebilde-film.de\/en\/wp-json\/wp\/v2\/pages\/7","targetHints":{"allow":["GET"]}}],"collection":[{"href":"https:\/\/www.zeitgebilde-film.de\/en\/wp-json\/wp\/v2\/pages"}],"about":[{"href":"https:\/\/www.zeitgebilde-film.de\/en\/wp-json\/wp\/v2\/types\/page"}],"author":[{"embeddable":true,"href":"https:\/\/www.zeitgebilde-film.de\/en\/wp-json\/wp\/v2\/users\/1"}],"replies":[{"embeddable":true,"href":"https:\/\/www.zeitgebilde-film.de\/en\/wp-json\/wp\/v2\/comments?post=7"}],"version-history":[{"count":2,"href":"https:\/\/www.zeitgebilde-film.de\/en\/wp-json\/wp\/v2\/pages\/7\/revisions"}],"predecessor-version":[{"id":2455,"href":"https:\/\/www.zeitgebilde-film.de\/en\/wp-json\/wp\/v2\/pages\/7\/revisions\/2455"}],"wp:attachment":[{"href":"https:\/\/www.zeitgebilde-film.de\/en\/wp-json\/wp\/v2\/media?parent=7"}],"curies":[{"name":"wp","href":"https:\/\/api.w.org\/{rel}","templated":true}]}}